{"id":899,"date":"2025-06-19T18:21:17","date_gmt":"2025-06-19T16:21:17","guid":{"rendered":"https:\/\/cristalumjavea.com\/pergolas\/adjustable-bioclimatic-pergola\/"},"modified":"2026-04-15T21:21:58","modified_gmt":"2026-04-15T19:21:58","slug":"adjustable-bioclimatic-pergola","status":"publish","type":"page","link":"https:\/\/cristalumjavea.com\/en\/pergolas\/adjustable-bioclimatic-pergola\/","title":{"rendered":"Adjustable Bioclimatic Pergola"},"content":{"rendered":"\t\t<div data-elementor-type=\"wp-page\" data-elementor-id=\"899\" class=\"elementor elementor-899 elementor-192\" data-elementor-post-type=\"page\">\n\t\t\t\t<div class=\"elementor-element elementor-element-3ced13b e-flex e-con-boxed e-con e-parent\" data-id=\"3ced13b\" data-element_type=\"container\" data-e-type=\"container\">\n\t\t\t\t\t<div class=\"e-con-inner\">\n\t\t<div class=\"elementor-element elementor-element-1eb564f e-con-full e-flex e-con e-child\" data-id=\"1eb564f\" data-element_type=\"container\" data-e-type=\"container\">\n\t\t\t\t<div class=\"elementor-element elementor-element-a77f5ae elementor-widget elementor-widget-heading\" data-id=\"a77f5ae\" data-element_type=\"widget\" data-e-type=\"widget\" data-widget_type=\"heading.default\">\n\t\t\t\t<div class=\"elementor-widget-container\">\n\t\t\t\t\t<h1 class=\"elementor-heading-title elementor-size-default\">Adjustable Bioclimatic Pergola<\/h1>\t\t\t\t<\/div>\n\t\t\t\t<\/div>\n\t\t\t\t<div class=\"elementor-element elementor-element-f64d768 elementor-widget elementor-widget-heading\" data-id=\"f64d768\" data-element_type=\"widget\" data-e-type=\"widget\" data-widget_type=\"heading.default\">\n\t\t\t\t<div class=\"elementor-widget-container\">\n\t\t\t\t\t<h2 class=\"elementor-heading-title elementor-size-default\">The Veteran of BIOCLIMATIC Systems\n<\/h2>\t\t\t\t<\/div>\n\t\t\t\t<\/div>\n\t\t\r\n\t\t<div class=\"elementor-element elementor-element-de2c3c2 elementor-widget elementor-widget-text-editor\" data-id=\"de2c3c2\" data-element_type=\"widget\" data-e-type=\"widget\" data-widget_type=\"text-editor.default\">\n\t\t\t\t<div class=\"elementor-widget-container\">\n\t\t\t\t\t\t\t\t\t<p>With its extensive track record, this adjustable pergola is capable of controlling sunlight in any space through the orientation of high-resistance aluminum louvers.<\/p>\t\t\t\t\t\t\t\t<\/div>\n\t\t\t\t<\/div>\n\t\t\t\t<\/div>\n\t\t<div class=\"elementor-element elementor-element-faf425b e-con-full e-flex e-con e-child\" data-id=\"faf425b\" data-element_type=\"container\" data-e-type=\"container\">\n\t\t\t\t<div class=\"elementor-element elementor-element-5ce04c2 elementor-arrows-position-inside elementor-widget elementor-widget-image-carousel\" data-id=\"5ce04c2\" data-element_type=\"widget\" data-e-type=\"widget\" data-settings=\"{&quot;slides_to_show&quot;:&quot;1&quot;,&quot;navigation&quot;:&quot;arrows&quot;,&quot;autoplay&quot;:&quot;yes&quot;,&quot;pause_on_hover&quot;:&quot;yes&quot;,&quot;pause_on_interaction&quot;:&quot;yes&quot;,&quot;autoplay_speed&quot;:5000,&quot;infinite&quot;:&quot;yes&quot;,&quot;effect&quot;:&quot;slide&quot;,&quot;speed&quot;:500}\" data-widget_type=\"image-carousel.default\">\n\t\t\t\t<div class=\"elementor-widget-container\">\n\t\t\t\t\t\t\t<div class=\"elementor-image-carousel-wrapper swiper\" role=\"region\" aria-roledescription=\"carousel\" aria-label=\"Carrusel de im\u00e1genes\" dir=\"ltr\">\n\t\t\t<div class=\"elementor-image-carousel swiper-wrapper swiper-image-stretch\" aria-live=\"off\">\n\t\t\t\t\t\t\t\t<div class=\"swiper-slide\" role=\"group\" aria-roledescription=\"slide\" aria-label=\"1 of 2\"><figure class=\"swiper-slide-inner\"><img decoding=\"async\" class=\"swiper-slide-image\" src=\"https:\/\/s3.eu-south-2.amazonaws.com\/cdn.cristalumjavea.com\/wp-content\/uploads\/2025\/06\/19171245\/Bioclimatica-Orientable-1.avif\" alt=\"Adjustable Bioclimatic 1\" \/><\/figure><\/div><div class=\"swiper-slide\" role=\"group\" aria-roledescription=\"slide\" aria-label=\"2 of 2\"><figure class=\"swiper-slide-inner\"><img decoding=\"async\" class=\"swiper-slide-image\" src=\"https:\/\/s3.eu-south-2.amazonaws.com\/cdn.cristalumjavea.com\/wp-content\/uploads\/2025\/06\/19171321\/Bioclimatica-Orientable-2.avif\" alt=\"Adjustable Bioclimatic 2\" \/><\/figure><\/div>\t\t\t<\/div>\n\t\t\t\t\t\t\t\t\t\t\t\t<div class=\"elementor-swiper-button elementor-swiper-button-prev\" role=\"button\" tabindex=\"0\">\n\t\t\t\t\t\t<i aria-hidden=\"true\" class=\"eicon-chevron-left\"><\/i>\t\t\t\t\t<\/div>\n\t\t\t\t\t<div class=\"elementor-swiper-button elementor-swiper-button-next\" role=\"button\" tabindex=\"0\">\n\t\t\t\t\t\t<i aria-hidden=\"true\" class=\"eicon-chevron-right\"><\/i>\t\t\t\t\t<\/div>\n\t\t\t\t\n\t\t\t\t\t\t\t\t\t<\/div>\n\t\t\t\t\t\t<\/div>\n\t\t\t\t<\/div>\n\t\t\t\t<\/div>\n\t\t\t\t\t<\/div>\n\t\t\t\t<\/div>\n\t\t<div class=\"elementor-element elementor-element-2571868 e-flex e-con-boxed e-con e-parent\" data-id=\"2571868\" data-element_type=\"container\" data-e-type=\"container\">\n\t\t\t\t\t<div class=\"e-con-inner\">\n\t\t\t\t<div class=\"elementor-element elementor-element-3c14399 elementor-widget elementor-widget-heading\" data-id=\"3c14399\" data-element_type=\"widget\" data-e-type=\"widget\" data-widget_type=\"heading.default\">\n\t\t\t\t<div class=\"elementor-widget-container\">\n\t\t\t\t\t<h5 class=\"elementor-heading-title elementor-size-default\">Orientation<\/h5>\t\t\t\t<\/div>\n\t\t\t\t<\/div>\n\t\t<div class=\"elementor-element elementor-element-260246d e-con-full e-flex e-con e-child\" data-id=\"260246d\" data-element_type=\"container\" data-e-type=\"container\">\n\t\t\t\t<div class=\"elementor-element elementor-element-6cc3615 elementor-position-top elementor-widget elementor-widget-image-box\" data-id=\"6cc3615\" data-element_type=\"widget\" data-e-type=\"widget\" data-widget_type=\"image-box.default\">\n\t\t\t\t<div class=\"elementor-widget-container\">\n\t\t\t\t\t<div class=\"elementor-image-box-wrapper\"><figure class=\"elementor-image-box-img\"><img decoding=\"async\" width=\"254\" height=\"128\" src=\"https:\/\/s3.eu-south-2.amazonaws.com\/cdn.cristalumjavea.com\/wp-content\/uploads\/2025\/06\/19171624\/bo_proteccion.avif\" class=\"attachment-full size-full wp-image-105 not-transparent\" alt=\"\" data-has-transparency=\"false\" data-dominant-color=\"c9cdcb\" style=\"--dominant-color: #c9cdcb\" \/><\/figure><div class=\"elementor-image-box-content\"><span class=\"elementor-image-box-title\">0\u00b0<\/span><p class=\"elementor-image-box-description\">Protection<\/p><\/div><\/div>\t\t\t\t<\/div>\n\t\t\t\t<\/div>\n\t\t\t\t<div class=\"elementor-element elementor-element-151d20b elementor-position-top elementor-widget elementor-widget-image-box\" data-id=\"151d20b\" data-element_type=\"widget\" data-e-type=\"widget\" data-widget_type=\"image-box.default\">\n\t\t\t\t<div class=\"elementor-widget-container\">\n\t\t\t\t\t<div class=\"elementor-image-box-wrapper\"><figure class=\"elementor-image-box-img\"><img decoding=\"async\" width=\"240\" height=\"121\" src=\"https:\/\/s3.eu-south-2.amazonaws.com\/cdn.cristalumjavea.com\/wp-content\/uploads\/2025\/06\/19183305\/bo_aireacion.avif\" class=\"attachment-full size-full wp-image-201 not-transparent\" alt=\"\" data-has-transparency=\"false\" data-dominant-color=\"c6cac8\" style=\"--dominant-color: #c6cac8\" \/><\/figure><div class=\"elementor-image-box-content\"><span class=\"elementor-image-box-title\">5\u00b0<\/span><p class=\"elementor-image-box-description\">Aeration<\/p><\/div><\/div>\t\t\t\t<\/div>\n\t\t\t\t<\/div>\n\t\t\t\t<div class=\"elementor-element elementor-element-ef15ef2 elementor-position-top elementor-widget elementor-widget-image-box\" data-id=\"ef15ef2\" data-element_type=\"widget\" data-e-type=\"widget\" data-widget_type=\"image-box.default\">\n\t\t\t\t<div class=\"elementor-widget-container\">\n\t\t\t\t\t<div class=\"elementor-image-box-wrapper\"><figure class=\"elementor-image-box-img\"><img decoding=\"async\" width=\"229\" height=\"115\" src=\"https:\/\/s3.eu-south-2.amazonaws.com\/cdn.cristalumjavea.com\/wp-content\/uploads\/2025\/06\/19171627\/bo_ventilacion.avif\" class=\"attachment-full size-full wp-image-107 not-transparent\" alt=\"\" data-has-transparency=\"false\" data-dominant-color=\"cecbc7\" style=\"--dominant-color: #cecbc7\" \/><\/figure><div class=\"elementor-image-box-content\"><span class=\"elementor-image-box-title\">45\u00b0<\/span><p class=\"elementor-image-box-description\">Ventilation<\/p><\/div><\/div>\t\t\t\t<\/div>\n\t\t\t\t<\/div>\n\t\t\t\t<div class=\"elementor-element elementor-element-db72544 elementor-position-top elementor-widget elementor-widget-image-box\" data-id=\"db72544\" data-element_type=\"widget\" data-e-type=\"widget\" data-widget_type=\"image-box.default\">\n\t\t\t\t<div class=\"elementor-widget-container\">\n\t\t\t\t\t<div class=\"elementor-image-box-wrapper\"><figure class=\"elementor-image-box-img\"><img loading=\"lazy\" decoding=\"async\" width=\"254\" height=\"128\" src=\"https:\/\/s3.eu-south-2.amazonaws.com\/cdn.cristalumjavea.com\/wp-content\/uploads\/2025\/06\/19171619\/bo_luminosidad.avif\" class=\"attachment-full size-full wp-image-101 not-transparent\" alt=\"\" data-has-transparency=\"false\" data-dominant-color=\"d7d4ce\" style=\"--dominant-color: #d7d4ce\" \/><\/figure><div class=\"elementor-image-box-content\"><span class=\"elementor-image-box-title\">90\u00b0<\/span><p class=\"elementor-image-box-description\">Luminosity<\/p><\/div><\/div>\t\t\t\t<\/div>\n\t\t\t\t<\/div>\n\t\t\t\t<div class=\"elementor-element elementor-element-edf985b elementor-position-top elementor-widget elementor-widget-image-box\" data-id=\"edf985b\" data-element_type=\"widget\" data-e-type=\"widget\" data-widget_type=\"image-box.default\">\n\t\t\t\t<div class=\"elementor-widget-container\">\n\t\t\t\t\t<div class=\"elementor-image-box-wrapper\"><figure class=\"elementor-image-box-img\"><img loading=\"lazy\" decoding=\"async\" width=\"240\" height=\"121\" src=\"https:\/\/s3.eu-south-2.amazonaws.com\/cdn.cristalumjavea.com\/wp-content\/uploads\/2025\/06\/19171621\/bo_maxima_apertura.avif\" class=\"attachment-full size-full wp-image-103 not-transparent\" alt=\"\" data-has-transparency=\"false\" data-dominant-color=\"d2d1cd\" style=\"--dominant-color: #d2d1cd\" \/><\/figure><div class=\"elementor-image-box-content\"><span class=\"elementor-image-box-title\">140\u00b0<\/span><p class=\"elementor-image-box-description\">Maximum Opening<\/p><\/div><\/div>\t\t\t\t<\/div>\n\t\t\t\t<\/div>\n\t\t\t\t<\/div>\n\t\t\t\t\t<\/div>\n\t\t\t\t<\/div>\n\t\t<div class=\"elementor-element elementor-element-8d7f607 e-flex e-con-boxed e-con e-parent\" data-id=\"8d7f607\" data-element_type=\"container\" data-e-type=\"container\" data-settings=\"{&quot;background_background&quot;:&quot;classic&quot;}\">\n\t\t\t\t\t<div class=\"e-con-inner\">\n\t\t\t\t<div class=\"elementor-element elementor-element-8f76c42 elementor-widget elementor-widget-heading\" data-id=\"8f76c42\" data-element_type=\"widget\" data-e-type=\"widget\" data-widget_type=\"heading.default\">\n\t\t\t\t<div class=\"elementor-widget-container\">\n\t\t\t\t\t<h3 class=\"elementor-heading-title elementor-size-default\">If you require further information<\/h3>\t\t\t\t<\/div>\n\t\t\t\t<\/div>\n\t\t\t\t<div class=\"elementor-element elementor-element-eea98a8 elementor-widget elementor-widget-text-editor\" data-id=\"eea98a8\" data-element_type=\"widget\" data-e-type=\"widget\" data-widget_type=\"text-editor.default\">\n\t\t\t\t<div class=\"elementor-widget-container\">\n\t\t\t\t\t\t\t\t\tPlease do not hesitate to contact us; we will be delighted to assist you\n\n\t\t\t\t\t\t\t\t<\/div>\n\t\t\t\t<\/div>\n\t\t\t\t<div class=\"elementor-element elementor-element-5b54f9b elementor-align-center elementor-widget elementor-widget-button\" data-id=\"5b54f9b\" data-element_type=\"widget\" data-e-type=\"widget\" data-widget_type=\"button.default\">\n\t\t\t\t<div class=\"elementor-widget-container\">\n\t\t\t\t\t\t\t\t\t<div class=\"elementor-button-wrapper\">\n\t\t\t\t\t<a class=\"elementor-button elementor-button-link elementor-size-sm\" href=\"https:\/\/cristalumjavea.com\/en\/contacto\/\">\n\t\t\t\t\t\t<span class=\"elementor-button-content-wrapper\">\n\t\t\t\t\t\t<span class=\"elementor-button-icon\">\n\t\t\t\t<i aria-hidden=\"true\" class=\"fas fa-arrow-right\"><\/i>\t\t\t<\/span>\n\t\t\t\t\t\t\t\t\t<span class=\"elementor-button-text\">Contact Us<\/span>\n\t\t\t\t\t<\/span>\n\t\t\t\t\t<\/a>\n\t\t\t\t<\/div>\n\t\t\t\t\t\t\t\t<\/div>\n\t\t\t\t<\/div>\n\t\t\t\t\t<\/div>\n\t\t\t\t<\/div>\n\t\t\t\t<\/div>\n\t\t","protected":false},"excerpt":{"rendered":"<p>Adjustable Bioclimatic Pergola The Veteran of BIOCLIMATIC Systems With its extensive track record, this adjustable pergola is capable of controlling sunlight in any space through the orientation of high-resistance aluminum louvers. Orientation 0\u00b0 Protection 5\u00b0 Aeration 45\u00b0 Ventilation 90\u00b0 Luminosity 140\u00b0 Maximum Opening If you require further information Please do not hesitate to contact us; [&hellip;]<\/p>\n","protected":false},"author":1,"featured_media":0,"parent":894,"menu_order":0,"comment_status":"closed","ping_status":"closed","template":"","meta":{"_joinchat":[],"footnotes":""},"class_list":["post-899","page","type-page","status-publish","hentry"],"yoast_head":"<!-- This site is optimized with the Yoast SEO plugin v27.4 - https:\/\/yoast.com\/product\/yoast-seo-wordpress\/ -->\n<title>Adjustable Bioclimatic Pergola - Cristalum J\u00e1vea<\/title>\n<meta name=\"robots\" content=\"index, follow, max-snippet:-1, max-image-preview:large, max-video-preview:-1\" \/>\n<link rel=\"canonical\" href=\"https:\/\/cristalumjavea.com\/en\/pergolas\/adjustable-bioclimatic-pergola\/\" \/>\n<meta property=\"og:locale\" content=\"en_US\" \/>\n<meta property=\"og:type\" content=\"article\" \/>\n<meta property=\"og:title\" content=\"Adjustable Bioclimatic Pergola - Cristalum J\u00e1vea\" \/>\n<meta property=\"og:description\" content=\"Adjustable Bioclimatic Pergola The Veteran of BIOCLIMATIC Systems With its extensive track record, this adjustable pergola is capable of controlling sunlight in any space through the orientation of high-resistance aluminum louvers. Orientation 0\u00b0 Protection 5\u00b0 Aeration 45\u00b0 Ventilation 90\u00b0 Luminosity 140\u00b0 Maximum Opening If you require further information Please do not hesitate to contact us; [&hellip;]\" \/>\n<meta property=\"og:url\" content=\"https:\/\/cristalumjavea.com\/en\/pergolas\/adjustable-bioclimatic-pergola\/\" \/>\n<meta property=\"og:site_name\" content=\"Cristalum J\u00e1vea\" \/>\n<meta property=\"article:modified_time\" content=\"2026-04-15T19:21:58+00:00\" \/>\n<meta property=\"og:image\" content=\"https:\/\/cristalumjavea.com\/wp-content\/uploads\/2025\/06\/Bioclimatica-Orientable-1.avif\" \/>\n<meta name=\"twitter:card\" content=\"summary_large_image\" \/>\n<script type=\"application\/ld+json\" class=\"yoast-schema-graph\">{\"@context\":\"https:\\\/\\\/schema.org\",\"@graph\":[{\"@type\":\"WebPage\",\"@id\":\"https:\\\/\\\/cristalumjavea.com\\\/en\\\/pergolas\\\/adjustable-bioclimatic-pergola\\\/\",\"url\":\"https:\\\/\\\/cristalumjavea.com\\\/en\\\/pergolas\\\/adjustable-bioclimatic-pergola\\\/\",\"name\":\"Adjustable Bioclimatic Pergola - Cristalum J\u00e1vea\",\"isPartOf\":{\"@id\":\"https:\\\/\\\/cristalumjavea.com\\\/en\\\/#website\"},\"primaryImageOfPage\":{\"@id\":\"https:\\\/\\\/cristalumjavea.com\\\/en\\\/pergolas\\\/adjustable-bioclimatic-pergola\\\/#primaryimage\"},\"image\":{\"@id\":\"https:\\\/\\\/cristalumjavea.com\\\/en\\\/pergolas\\\/adjustable-bioclimatic-pergola\\\/#primaryimage\"},\"thumbnailUrl\":\"https:\\\/\\\/cristalumjavea.com\\\/wp-content\\\/uploads\\\/2025\\\/06\\\/Bioclimatica-Orientable-1.avif\",\"datePublished\":\"2025-06-19T16:21:17+00:00\",\"dateModified\":\"2026-04-15T19:21:58+00:00\",\"breadcrumb\":{\"@id\":\"https:\\\/\\\/cristalumjavea.com\\\/en\\\/pergolas\\\/adjustable-bioclimatic-pergola\\\/#breadcrumb\"},\"inLanguage\":\"en-US\",\"potentialAction\":[{\"@type\":\"ReadAction\",\"target\":[\"https:\\\/\\\/cristalumjavea.com\\\/en\\\/pergolas\\\/adjustable-bioclimatic-pergola\\\/\"]}]},{\"@type\":\"ImageObject\",\"inLanguage\":\"en-US\",\"@id\":\"https:\\\/\\\/cristalumjavea.com\\\/en\\\/pergolas\\\/adjustable-bioclimatic-pergola\\\/#primaryimage\",\"url\":\"https:\\\/\\\/cristalumjavea.com\\\/wp-content\\\/uploads\\\/2025\\\/06\\\/Bioclimatica-Orientable-1.avif\",\"contentUrl\":\"https:\\\/\\\/cristalumjavea.com\\\/wp-content\\\/uploads\\\/2025\\\/06\\\/Bioclimatica-Orientable-1.avif\"},{\"@type\":\"BreadcrumbList\",\"@id\":\"https:\\\/\\\/cristalumjavea.com\\\/en\\\/pergolas\\\/adjustable-bioclimatic-pergola\\\/#breadcrumb\",\"itemListElement\":[{\"@type\":\"ListItem\",\"position\":1,\"name\":\"Portada\",\"item\":\"https:\\\/\\\/cristalumjavea.com\\\/en\\\/home\\\/\"},{\"@type\":\"ListItem\",\"position\":2,\"name\":\"Pergolas\",\"item\":\"https:\\\/\\\/cristalumjavea.com\\\/en\\\/pergolas\\\/\"},{\"@type\":\"ListItem\",\"position\":3,\"name\":\"Adjustable Bioclimatic Pergola\"}]},{\"@type\":\"WebSite\",\"@id\":\"https:\\\/\\\/cristalumjavea.com\\\/en\\\/#website\",\"url\":\"https:\\\/\\\/cristalumjavea.com\\\/en\\\/\",\"name\":\"Cristalum J\u00e1vea\",\"description\":\"P\u00e9rgolas bioclim\u00e1ticas - Cerramientos de exterior\",\"publisher\":{\"@id\":\"https:\\\/\\\/cristalumjavea.com\\\/en\\\/#organization\"},\"potentialAction\":[{\"@type\":\"SearchAction\",\"target\":{\"@type\":\"EntryPoint\",\"urlTemplate\":\"https:\\\/\\\/cristalumjavea.com\\\/en\\\/?s={search_term_string}\"},\"query-input\":{\"@type\":\"PropertyValueSpecification\",\"valueRequired\":true,\"valueName\":\"search_term_string\"}}],\"inLanguage\":\"en-US\"},{\"@type\":\"Organization\",\"@id\":\"https:\\\/\\\/cristalumjavea.com\\\/en\\\/#organization\",\"name\":\"Cristalum J\u00e1vea\",\"url\":\"https:\\\/\\\/cristalumjavea.com\\\/en\\\/\",\"logo\":{\"@type\":\"ImageObject\",\"inLanguage\":\"en-US\",\"@id\":\"https:\\\/\\\/cristalumjavea.com\\\/en\\\/#\\\/schema\\\/logo\\\/image\\\/\",\"url\":\"https:\\\/\\\/s3.eu-south-2.amazonaws.com\\\/cdn.cristalumjavea.com\\\/wp-content\\\/uploads\\\/2025\\\/05\\\/23184946\\\/logo.avif\",\"contentUrl\":\"https:\\\/\\\/s3.eu-south-2.amazonaws.com\\\/cdn.cristalumjavea.com\\\/wp-content\\\/uploads\\\/2025\\\/05\\\/23184946\\\/logo.avif\",\"width\":500,\"height\":126,\"caption\":\"Cristalum J\u00e1vea\"},\"image\":{\"@id\":\"https:\\\/\\\/cristalumjavea.com\\\/en\\\/#\\\/schema\\\/logo\\\/image\\\/\"}}]}<\/script>\n<!-- \/ Yoast SEO plugin. -->","yoast_head_json":{"title":"Adjustable Bioclimatic Pergola - Cristalum J\u00e1vea","robots":{"index":"index","follow":"follow","max-snippet":"max-snippet:-1","max-image-preview":"max-image-preview:large","max-video-preview":"max-video-preview:-1"},"canonical":"https:\/\/cristalumjavea.com\/en\/pergolas\/adjustable-bioclimatic-pergola\/","og_locale":"en_US","og_type":"article","og_title":"Adjustable Bioclimatic Pergola - Cristalum J\u00e1vea","og_description":"Adjustable Bioclimatic Pergola The Veteran of BIOCLIMATIC Systems With its extensive track record, this adjustable pergola is capable of controlling sunlight in any space through the orientation of high-resistance aluminum louvers. Orientation 0\u00b0 Protection 5\u00b0 Aeration 45\u00b0 Ventilation 90\u00b0 Luminosity 140\u00b0 Maximum Opening If you require further information Please do not hesitate to contact us; [&hellip;]","og_url":"https:\/\/cristalumjavea.com\/en\/pergolas\/adjustable-bioclimatic-pergola\/","og_site_name":"Cristalum J\u00e1vea","article_modified_time":"2026-04-15T19:21:58+00:00","og_image":[{"url":"https:\/\/cristalumjavea.com\/wp-content\/uploads\/2025\/06\/Bioclimatica-Orientable-1.avif","type":"","width":"","height":""}],"twitter_card":"summary_large_image","schema":{"@context":"https:\/\/schema.org","@graph":[{"@type":"WebPage","@id":"https:\/\/cristalumjavea.com\/en\/pergolas\/adjustable-bioclimatic-pergola\/","url":"https:\/\/cristalumjavea.com\/en\/pergolas\/adjustable-bioclimatic-pergola\/","name":"Adjustable Bioclimatic Pergola - Cristalum J\u00e1vea","isPartOf":{"@id":"https:\/\/cristalumjavea.com\/en\/#website"},"primaryImageOfPage":{"@id":"https:\/\/cristalumjavea.com\/en\/pergolas\/adjustable-bioclimatic-pergola\/#primaryimage"},"image":{"@id":"https:\/\/cristalumjavea.com\/en\/pergolas\/adjustable-bioclimatic-pergola\/#primaryimage"},"thumbnailUrl":"https:\/\/cristalumjavea.com\/wp-content\/uploads\/2025\/06\/Bioclimatica-Orientable-1.avif","datePublished":"2025-06-19T16:21:17+00:00","dateModified":"2026-04-15T19:21:58+00:00","breadcrumb":{"@id":"https:\/\/cristalumjavea.com\/en\/pergolas\/adjustable-bioclimatic-pergola\/#breadcrumb"},"inLanguage":"en-US","potentialAction":[{"@type":"ReadAction","target":["https:\/\/cristalumjavea.com\/en\/pergolas\/adjustable-bioclimatic-pergola\/"]}]},{"@type":"ImageObject","inLanguage":"en-US","@id":"https:\/\/cristalumjavea.com\/en\/pergolas\/adjustable-bioclimatic-pergola\/#primaryimage","url":"https:\/\/cristalumjavea.com\/wp-content\/uploads\/2025\/06\/Bioclimatica-Orientable-1.avif","contentUrl":"https:\/\/cristalumjavea.com\/wp-content\/uploads\/2025\/06\/Bioclimatica-Orientable-1.avif"},{"@type":"BreadcrumbList","@id":"https:\/\/cristalumjavea.com\/en\/pergolas\/adjustable-bioclimatic-pergola\/#breadcrumb","itemListElement":[{"@type":"ListItem","position":1,"name":"Portada","item":"https:\/\/cristalumjavea.com\/en\/home\/"},{"@type":"ListItem","position":2,"name":"Pergolas","item":"https:\/\/cristalumjavea.com\/en\/pergolas\/"},{"@type":"ListItem","position":3,"name":"Adjustable Bioclimatic Pergola"}]},{"@type":"WebSite","@id":"https:\/\/cristalumjavea.com\/en\/#website","url":"https:\/\/cristalumjavea.com\/en\/","name":"Cristalum J\u00e1vea","description":"P\u00e9rgolas bioclim\u00e1ticas - Cerramientos de exterior","publisher":{"@id":"https:\/\/cristalumjavea.com\/en\/#organization"},"potentialAction":[{"@type":"SearchAction","target":{"@type":"EntryPoint","urlTemplate":"https:\/\/cristalumjavea.com\/en\/?s={search_term_string}"},"query-input":{"@type":"PropertyValueSpecification","valueRequired":true,"valueName":"search_term_string"}}],"inLanguage":"en-US"},{"@type":"Organization","@id":"https:\/\/cristalumjavea.com\/en\/#organization","name":"Cristalum J\u00e1vea","url":"https:\/\/cristalumjavea.com\/en\/","logo":{"@type":"ImageObject","inLanguage":"en-US","@id":"https:\/\/cristalumjavea.com\/en\/#\/schema\/logo\/image\/","url":"https:\/\/s3.eu-south-2.amazonaws.com\/cdn.cristalumjavea.com\/wp-content\/uploads\/2025\/05\/23184946\/logo.avif","contentUrl":"https:\/\/s3.eu-south-2.amazonaws.com\/cdn.cristalumjavea.com\/wp-content\/uploads\/2025\/05\/23184946\/logo.avif","width":500,"height":126,"caption":"Cristalum J\u00e1vea"},"image":{"@id":"https:\/\/cristalumjavea.com\/en\/#\/schema\/logo\/image\/"}}]}},"_links":{"self":[{"href":"https:\/\/cristalumjavea.com\/en\/wp-json\/wp\/v2\/pages\/899","targetHints":{"allow":["GET"]}}],"collection":[{"href":"https:\/\/cristalumjavea.com\/en\/wp-json\/wp\/v2\/pages"}],"about":[{"href":"https:\/\/cristalumjavea.com\/en\/wp-json\/wp\/v2\/types\/page"}],"author":[{"embeddable":true,"href":"https:\/\/cristalumjavea.com\/en\/wp-json\/wp\/v2\/users\/1"}],"replies":[{"embeddable":true,"href":"https:\/\/cristalumjavea.com\/en\/wp-json\/wp\/v2\/comments?post=899"}],"version-history":[{"count":1,"href":"https:\/\/cristalumjavea.com\/en\/wp-json\/wp\/v2\/pages\/899\/revisions"}],"predecessor-version":[{"id":910,"href":"https:\/\/cristalumjavea.com\/en\/wp-json\/wp\/v2\/pages\/899\/revisions\/910"}],"up":[{"embeddable":true,"href":"https:\/\/cristalumjavea.com\/en\/wp-json\/wp\/v2\/pages\/894"}],"wp:attachment":[{"href":"https:\/\/cristalumjavea.com\/en\/wp-json\/wp\/v2\/media?parent=899"}],"curies":[{"name":"wp","href":"https:\/\/api.w.org\/{rel}","templated":true}]}}