{"id":869,"date":"2025-06-19T19:16:29","date_gmt":"2025-06-19T17:16:29","guid":{"rendered":"https:\/\/cristalumjavea.com\/hinged-sash\/"},"modified":"2026-04-15T21:36:31","modified_gmt":"2026-04-15T19:36:31","slug":"hinged-sash","status":"publish","type":"page","link":"https:\/\/cristalumjavea.com\/en\/exterior-enclosures\/hinged-sash\/","title":{"rendered":"Folding Leaf"},"content":{"rendered":"\t\t<div data-elementor-type=\"wp-page\" data-elementor-id=\"869\" class=\"elementor elementor-869 elementor-278\" data-elementor-post-type=\"page\">\n\t\t\t\t<div class=\"elementor-element elementor-element-3ced13b e-flex e-con-boxed e-con e-parent\" data-id=\"3ced13b\" data-element_type=\"container\" data-e-type=\"container\">\n\t\t\t\t\t<div class=\"e-con-inner\">\n\t\t<div class=\"elementor-element elementor-element-1eb564f e-con-full e-flex e-con e-child\" data-id=\"1eb564f\" data-element_type=\"container\" data-e-type=\"container\">\n\t\t\t\t<div class=\"elementor-element elementor-element-a77f5ae elementor-widget elementor-widget-heading\" data-id=\"a77f5ae\" data-element_type=\"widget\" data-e-type=\"widget\" data-widget_type=\"heading.default\">\n\t\t\t\t<div class=\"elementor-widget-container\">\n\t\t\t\t\t<h1 class=\"elementor-heading-title elementor-size-default\">Folding Leaf\n<\/h1>\t\t\t\t<\/div>\n\t\t\t\t<\/div>\n\t\t\t\t<div class=\"elementor-element elementor-element-f64d768 elementor-widget elementor-widget-heading\" data-id=\"f64d768\" data-element_type=\"widget\" data-e-type=\"widget\" data-widget_type=\"heading.default\">\n\t\t\t\t<div class=\"elementor-widget-container\">\n\t\t\t\t\t<h2 class=\"elementor-heading-title elementor-size-default\">Panoramic Views\n<\/h2>\t\t\t\t<\/div>\n\t\t\t\t<\/div>\n\t\t\r\n\t\t<div class=\"elementor-element elementor-element-de2c3c2 elementor-widget elementor-widget-text-editor\" data-id=\"de2c3c2\" data-element_type=\"widget\" data-e-type=\"widget\" data-widget_type=\"text-editor.default\">\n\t\t\t\t<div class=\"elementor-widget-container\">\n\t\t\t\t\t\t\t\t\t<p>Sliding-folding glass enclosure, making any outdoor space comfortable.<\/p><p>With enhanced aesthetics and the usual security.<\/p>\t\t\t\t\t\t\t\t<\/div>\n\t\t\t\t<\/div>\n\t\t\t\t<\/div>\n\t\t<div class=\"elementor-element elementor-element-faf425b e-con-full e-flex e-con e-child\" data-id=\"faf425b\" data-element_type=\"container\" data-e-type=\"container\">\n\t\t\t\t<div class=\"elementor-element elementor-element-5ce04c2 elementor-arrows-position-inside elementor-widget elementor-widget-image-carousel\" data-id=\"5ce04c2\" data-element_type=\"widget\" data-e-type=\"widget\" data-settings=\"{&quot;slides_to_show&quot;:&quot;1&quot;,&quot;navigation&quot;:&quot;arrows&quot;,&quot;autoplay&quot;:&quot;yes&quot;,&quot;pause_on_hover&quot;:&quot;yes&quot;,&quot;pause_on_interaction&quot;:&quot;yes&quot;,&quot;autoplay_speed&quot;:5000,&quot;infinite&quot;:&quot;yes&quot;,&quot;effect&quot;:&quot;slide&quot;,&quot;speed&quot;:500}\" data-widget_type=\"image-carousel.default\">\n\t\t\t\t<div class=\"elementor-widget-container\">\n\t\t\t\t\t\t\t<div class=\"elementor-image-carousel-wrapper swiper\" role=\"region\" aria-roledescription=\"carousel\" aria-label=\"Carrusel de im\u00e1genes\" dir=\"ltr\">\n\t\t\t<div class=\"elementor-image-carousel swiper-wrapper swiper-image-stretch\" aria-live=\"off\">\n\t\t\t\t\t\t\t\t<div class=\"swiper-slide\" role=\"group\" aria-roledescription=\"slide\" aria-label=\"1 of 1\"><figure class=\"swiper-slide-inner\"><img decoding=\"async\" class=\"swiper-slide-image\" src=\"https:\/\/s3.eu-south-2.amazonaws.com\/cdn.cristalumjavea.com\/wp-content\/uploads\/2025\/06\/19181459\/ce_hoja_abatible.avif\" alt=\"ee_folding_leaf\" \/><\/figure><\/div>\t\t\t<\/div>\n\t\t\t\t\t<\/div>\n\t\t\t\t\t\t<\/div>\n\t\t\t\t<\/div>\n\t\t\t\t<\/div>\n\t\t\t\t\t<\/div>\n\t\t\t\t<\/div>\n\t\t<div class=\"elementor-element elementor-element-8d7f607 e-flex e-con-boxed e-con e-parent\" data-id=\"8d7f607\" data-element_type=\"container\" data-e-type=\"container\" data-settings=\"{&quot;background_background&quot;:&quot;classic&quot;}\">\n\t\t\t\t\t<div class=\"e-con-inner\">\n\t\t\t\t<div class=\"elementor-element elementor-element-8f76c42 elementor-widget elementor-widget-heading\" data-id=\"8f76c42\" data-element_type=\"widget\" data-e-type=\"widget\" data-widget_type=\"heading.default\">\n\t\t\t\t<div class=\"elementor-widget-container\">\n\t\t\t\t\t<h3 class=\"elementor-heading-title elementor-size-default\">If you need more information<\/h3>\t\t\t\t<\/div>\n\t\t\t\t<\/div>\n\t\t\t\t<div class=\"elementor-element elementor-element-eea98a8 elementor-widget elementor-widget-text-editor\" data-id=\"eea98a8\" data-element_type=\"widget\" data-e-type=\"widget\" data-widget_type=\"text-editor.default\">\n\t\t\t\t<div class=\"elementor-widget-container\">\n\t\t\t\t\t\t\t\t\tDo not hesitate to contact us, we will be happy to help you\n\n\t\t\t\t\t\t\t\t<\/div>\n\t\t\t\t<\/div>\n\t\t\t\t<div class=\"elementor-element elementor-element-5b54f9b elementor-align-center elementor-widget elementor-widget-button\" data-id=\"5b54f9b\" data-element_type=\"widget\" data-e-type=\"widget\" data-widget_type=\"button.default\">\n\t\t\t\t<div class=\"elementor-widget-container\">\n\t\t\t\t\t\t\t\t\t<div class=\"elementor-button-wrapper\">\n\t\t\t\t\t<a class=\"elementor-button elementor-button-link elementor-size-sm\" href=\"https:\/\/cristalumjavea.com\/en\/contacto\/\">\n\t\t\t\t\t\t<span class=\"elementor-button-content-wrapper\">\n\t\t\t\t\t\t<span class=\"elementor-button-icon\">\n\t\t\t\t<i aria-hidden=\"true\" class=\"fas fa-arrow-right\"><\/i>\t\t\t<\/span>\n\t\t\t\t\t\t\t\t\t<span class=\"elementor-button-text\">Contact Us<\/span>\n\t\t\t\t\t<\/span>\n\t\t\t\t\t<\/a>\n\t\t\t\t<\/div>\n\t\t\t\t\t\t\t\t<\/div>\n\t\t\t\t<\/div>\n\t\t\t\t\t<\/div>\n\t\t\t\t<\/div>\n\t\t\t\t<\/div>\n\t\t","protected":false},"excerpt":{"rendered":"","protected":false},"author":1,"featured_media":0,"parent":880,"menu_order":0,"comment_status":"closed","ping_status":"closed","template":"full_width.php","meta":{"_joinchat":[],"footnotes":""},"class_list":["post-869","page","type-page","status-publish","hentry"],"yoast_head":"<!-- This site is optimized with the Yoast SEO plugin v27.4 - https:\/\/yoast.com\/product\/yoast-seo-wordpress\/ -->\n<title>Folding Leaf - Cristalum J\u00e1vea<\/title>\n<meta name=\"robots\" content=\"index, follow, max-snippet:-1, max-image-preview:large, max-video-preview:-1\" \/>\n<link rel=\"canonical\" href=\"https:\/\/cristalumjavea.com\/en\/exterior-enclosures\/hinged-sash\/\" \/>\n<meta property=\"og:locale\" content=\"en_US\" \/>\n<meta property=\"og:type\" content=\"article\" \/>\n<meta property=\"og:title\" content=\"Folding Leaf - Cristalum J\u00e1vea\" \/>\n<meta property=\"og:url\" content=\"https:\/\/cristalumjavea.com\/en\/exterior-enclosures\/hinged-sash\/\" \/>\n<meta property=\"og:site_name\" content=\"Cristalum J\u00e1vea\" \/>\n<meta property=\"article:modified_time\" content=\"2026-04-15T19:36:31+00:00\" \/>\n<meta name=\"twitter:card\" content=\"summary_large_image\" \/>\n<script type=\"application\/ld+json\" class=\"yoast-schema-graph\">{\"@context\":\"https:\\\/\\\/schema.org\",\"@graph\":[{\"@type\":\"WebPage\",\"@id\":\"https:\\\/\\\/cristalumjavea.com\\\/en\\\/exterior-enclosures\\\/hinged-sash\\\/\",\"url\":\"https:\\\/\\\/cristalumjavea.com\\\/en\\\/exterior-enclosures\\\/hinged-sash\\\/\",\"name\":\"Folding Leaf - Cristalum J\u00e1vea\",\"isPartOf\":{\"@id\":\"https:\\\/\\\/cristalumjavea.com\\\/en\\\/#website\"},\"datePublished\":\"2025-06-19T17:16:29+00:00\",\"dateModified\":\"2026-04-15T19:36:31+00:00\",\"breadcrumb\":{\"@id\":\"https:\\\/\\\/cristalumjavea.com\\\/en\\\/exterior-enclosures\\\/hinged-sash\\\/#breadcrumb\"},\"inLanguage\":\"en-US\",\"potentialAction\":[{\"@type\":\"ReadAction\",\"target\":[\"https:\\\/\\\/cristalumjavea.com\\\/en\\\/exterior-enclosures\\\/hinged-sash\\\/\"]}]},{\"@type\":\"BreadcrumbList\",\"@id\":\"https:\\\/\\\/cristalumjavea.com\\\/en\\\/exterior-enclosures\\\/hinged-sash\\\/#breadcrumb\",\"itemListElement\":[{\"@type\":\"ListItem\",\"position\":1,\"name\":\"Portada\",\"item\":\"https:\\\/\\\/cristalumjavea.com\\\/en\\\/home\\\/\"},{\"@type\":\"ListItem\",\"position\":2,\"name\":\"Exterior Enclosures\",\"item\":\"https:\\\/\\\/cristalumjavea.com\\\/en\\\/exterior-enclosures\\\/\"},{\"@type\":\"ListItem\",\"position\":3,\"name\":\"Folding Leaf\"}]},{\"@type\":\"WebSite\",\"@id\":\"https:\\\/\\\/cristalumjavea.com\\\/en\\\/#website\",\"url\":\"https:\\\/\\\/cristalumjavea.com\\\/en\\\/\",\"name\":\"Cristalum J\u00e1vea\",\"description\":\"P\u00e9rgolas bioclim\u00e1ticas - Cerramientos de exterior\",\"publisher\":{\"@id\":\"https:\\\/\\\/cristalumjavea.com\\\/en\\\/#organization\"},\"potentialAction\":[{\"@type\":\"SearchAction\",\"target\":{\"@type\":\"EntryPoint\",\"urlTemplate\":\"https:\\\/\\\/cristalumjavea.com\\\/en\\\/?s={search_term_string}\"},\"query-input\":{\"@type\":\"PropertyValueSpecification\",\"valueRequired\":true,\"valueName\":\"search_term_string\"}}],\"inLanguage\":\"en-US\"},{\"@type\":\"Organization\",\"@id\":\"https:\\\/\\\/cristalumjavea.com\\\/en\\\/#organization\",\"name\":\"Cristalum J\u00e1vea\",\"url\":\"https:\\\/\\\/cristalumjavea.com\\\/en\\\/\",\"logo\":{\"@type\":\"ImageObject\",\"inLanguage\":\"en-US\",\"@id\":\"https:\\\/\\\/cristalumjavea.com\\\/en\\\/#\\\/schema\\\/logo\\\/image\\\/\",\"url\":\"https:\\\/\\\/s3.eu-south-2.amazonaws.com\\\/cdn.cristalumjavea.com\\\/wp-content\\\/uploads\\\/2025\\\/05\\\/23184946\\\/logo.avif\",\"contentUrl\":\"https:\\\/\\\/s3.eu-south-2.amazonaws.com\\\/cdn.cristalumjavea.com\\\/wp-content\\\/uploads\\\/2025\\\/05\\\/23184946\\\/logo.avif\",\"width\":500,\"height\":126,\"caption\":\"Cristalum J\u00e1vea\"},\"image\":{\"@id\":\"https:\\\/\\\/cristalumjavea.com\\\/en\\\/#\\\/schema\\\/logo\\\/image\\\/\"}}]}<\/script>\n<!-- \/ Yoast SEO plugin. -->","yoast_head_json":{"title":"Folding Leaf - Cristalum J\u00e1vea","robots":{"index":"index","follow":"follow","max-snippet":"max-snippet:-1","max-image-preview":"max-image-preview:large","max-video-preview":"max-video-preview:-1"},"canonical":"https:\/\/cristalumjavea.com\/en\/exterior-enclosures\/hinged-sash\/","og_locale":"en_US","og_type":"article","og_title":"Folding Leaf - Cristalum J\u00e1vea","og_url":"https:\/\/cristalumjavea.com\/en\/exterior-enclosures\/hinged-sash\/","og_site_name":"Cristalum J\u00e1vea","article_modified_time":"2026-04-15T19:36:31+00:00","twitter_card":"summary_large_image","schema":{"@context":"https:\/\/schema.org","@graph":[{"@type":"WebPage","@id":"https:\/\/cristalumjavea.com\/en\/exterior-enclosures\/hinged-sash\/","url":"https:\/\/cristalumjavea.com\/en\/exterior-enclosures\/hinged-sash\/","name":"Folding Leaf - Cristalum J\u00e1vea","isPartOf":{"@id":"https:\/\/cristalumjavea.com\/en\/#website"},"datePublished":"2025-06-19T17:16:29+00:00","dateModified":"2026-04-15T19:36:31+00:00","breadcrumb":{"@id":"https:\/\/cristalumjavea.com\/en\/exterior-enclosures\/hinged-sash\/#breadcrumb"},"inLanguage":"en-US","potentialAction":[{"@type":"ReadAction","target":["https:\/\/cristalumjavea.com\/en\/exterior-enclosures\/hinged-sash\/"]}]},{"@type":"BreadcrumbList","@id":"https:\/\/cristalumjavea.com\/en\/exterior-enclosures\/hinged-sash\/#breadcrumb","itemListElement":[{"@type":"ListItem","position":1,"name":"Portada","item":"https:\/\/cristalumjavea.com\/en\/home\/"},{"@type":"ListItem","position":2,"name":"Exterior Enclosures","item":"https:\/\/cristalumjavea.com\/en\/exterior-enclosures\/"},{"@type":"ListItem","position":3,"name":"Folding Leaf"}]},{"@type":"WebSite","@id":"https:\/\/cristalumjavea.com\/en\/#website","url":"https:\/\/cristalumjavea.com\/en\/","name":"Cristalum J\u00e1vea","description":"P\u00e9rgolas bioclim\u00e1ticas - Cerramientos de exterior","publisher":{"@id":"https:\/\/cristalumjavea.com\/en\/#organization"},"potentialAction":[{"@type":"SearchAction","target":{"@type":"EntryPoint","urlTemplate":"https:\/\/cristalumjavea.com\/en\/?s={search_term_string}"},"query-input":{"@type":"PropertyValueSpecification","valueRequired":true,"valueName":"search_term_string"}}],"inLanguage":"en-US"},{"@type":"Organization","@id":"https:\/\/cristalumjavea.com\/en\/#organization","name":"Cristalum J\u00e1vea","url":"https:\/\/cristalumjavea.com\/en\/","logo":{"@type":"ImageObject","inLanguage":"en-US","@id":"https:\/\/cristalumjavea.com\/en\/#\/schema\/logo\/image\/","url":"https:\/\/s3.eu-south-2.amazonaws.com\/cdn.cristalumjavea.com\/wp-content\/uploads\/2025\/05\/23184946\/logo.avif","contentUrl":"https:\/\/s3.eu-south-2.amazonaws.com\/cdn.cristalumjavea.com\/wp-content\/uploads\/2025\/05\/23184946\/logo.avif","width":500,"height":126,"caption":"Cristalum J\u00e1vea"},"image":{"@id":"https:\/\/cristalumjavea.com\/en\/#\/schema\/logo\/image\/"}}]}},"_links":{"self":[{"href":"https:\/\/cristalumjavea.com\/en\/wp-json\/wp\/v2\/pages\/869","targetHints":{"allow":["GET"]}}],"collection":[{"href":"https:\/\/cristalumjavea.com\/en\/wp-json\/wp\/v2\/pages"}],"about":[{"href":"https:\/\/cristalumjavea.com\/en\/wp-json\/wp\/v2\/types\/page"}],"author":[{"embeddable":true,"href":"https:\/\/cristalumjavea.com\/en\/wp-json\/wp\/v2\/users\/1"}],"replies":[{"embeddable":true,"href":"https:\/\/cristalumjavea.com\/en\/wp-json\/wp\/v2\/comments?post=869"}],"version-history":[{"count":1,"href":"https:\/\/cristalumjavea.com\/en\/wp-json\/wp\/v2\/pages\/869\/revisions"}],"predecessor-version":[{"id":879,"href":"https:\/\/cristalumjavea.com\/en\/wp-json\/wp\/v2\/pages\/869\/revisions\/879"}],"up":[{"embeddable":true,"href":"https:\/\/cristalumjavea.com\/en\/wp-json\/wp\/v2\/pages\/880"}],"wp:attachment":[{"href":"https:\/\/cristalumjavea.com\/en\/wp-json\/wp\/v2\/media?parent=869"}],"curies":[{"name":"wp","href":"https:\/\/api.w.org\/{rel}","templated":true}]}}